{"id":7995,"date":"2022-06-24T12:51:39","date_gmt":"2022-06-24T12:51:39","guid":{"rendered":"http:\/\/translinkitaly.kinsta.cloud\/?page_id=7995"},"modified":"2026-01-08T18:32:03","modified_gmt":"2026-01-08T18:32:03","slug":"operaciones","status":"publish","type":"page","link":"https:\/\/translinkcf.es\/en\/operaciones\/","title":{"rendered":"Transactions"},"content":{"rendered":"<style type=\"text\/css\" data-created_by=\"avia_inline_auto\" id=\"style-css-av-maxphowb-04dab79edd7f39c37785c94ea25b4572\">\n.avia-section.av-maxphowb-04dab79edd7f39c37785c94ea25b4572{\nbackground-repeat:no-repeat;\nbackground-image:url(https:\/\/translinkcf.es\/wp-content\/uploads\/2025\/07\/Operaciones-hero_080725.webp);\nbackground-position:50% 50%;\nbackground-attachment:scroll;\n}\n.avia-section.av-maxphowb-04dab79edd7f39c37785c94ea25b4572 .av-section-color-overlay{\nopacity:0.3;\nbackground-color:#000000;\n}\n<\/style>\n<div id='buy-side-contain'  class='avia-section av-maxphowb-04dab79edd7f39c37785c94ea25b4572 main_color avia-section-default avia-no-border-styling  avia-builder-el-0  avia-builder-el-no-sibling  global_hero_section avia-full-stretch avia-bg-style-scroll av-section-color-overlay-active av-minimum-height av-minimum-height-40vw av-height-percent_width  container_wrap sidebar_right'  data-section-bg-repeat='stretch' data-av_minimum_height_pc='40' data-av_min_height_opt='percent_width'><div class=\"av-section-color-overlay-wrap\"><div class=\"av-section-color-overlay\"><\/div><div class='container av-section-cont-open' ><main  role=\"main\" itemprop=\"mainContentOfPage\"  class='template-page content  av-content-small alpha units'><div class='post-entry post-entry-type-page post-entry-7995'><div class='entry-content-wrapper clearfix'>\n\n<style type=\"text\/css\" data-created_by=\"avia_inline_auto\" id=\"style-css-av-maxpgex7-8bb3d4df87d8feb50c2e39ef6318cf60\">\n#top .av-special-heading.av-maxpgex7-8bb3d4df87d8feb50c2e39ef6318cf60{\nmargin:20px 0 20px 0;\npadding-bottom:10px;\ncolor:#ffffff;\nfont-size:45px;\n}\nbody .av-special-heading.av-maxpgex7-8bb3d4df87d8feb50c2e39ef6318cf60 .av-special-heading-tag .heading-char{\nfont-size:25px;\n}\n#top #wrap_all .av-special-heading.av-maxpgex7-8bb3d4df87d8feb50c2e39ef6318cf60 .av-special-heading-tag{\nfont-size:45px;\npadding:0 0 0 0;\n}\n.av-special-heading.av-maxpgex7-8bb3d4df87d8feb50c2e39ef6318cf60 .special-heading-inner-border{\nborder-color:#ffffff;\n}\n.av-special-heading.av-maxpgex7-8bb3d4df87d8feb50c2e39ef6318cf60 .av-subheading{\nfont-size:15px;\n}\n\n@media only screen and (min-width: 480px) and (max-width: 767px){ \n#top #wrap_all .av-special-heading.av-maxpgex7-8bb3d4df87d8feb50c2e39ef6318cf60 .av-special-heading-tag{\nfont-size:0.8em;\n}\n}\n\n@media only screen and (max-width: 479px){ \n#top #wrap_all .av-special-heading.av-maxpgex7-8bb3d4df87d8feb50c2e39ef6318cf60 .av-special-heading-tag{\nfont-size:0.8em;\n}\n}\n<\/style>\n<div  class='av-special-heading av-maxpgex7-8bb3d4df87d8feb50c2e39ef6318cf60 av-special-heading-h1 custom-color-heading blockquote modern-quote modern-centered  avia-builder-el-1  el_before_av_one_fifth  avia-builder-el-first  boxed-text-span u-gsap-fade-up av-inherit-size'><h1 class='av-special-heading-tag'  itemprop=\"headline\"  >Transactions<\/h1><div class=\"special-heading-border\"><div class=\"special-heading-inner-border\"><\/div><\/div><\/div>\n<div  class='flex_column av-5qbapn-f100e32abb0b4e153ed89d7f6f434b26 av_one_fifth  avia-builder-el-2  el_after_av_heading  el_before_av_three_fifth  first flex_column_div'     ><\/div><div  class='flex_column av-3quf97-8b6d083fcf9bc406b16c1d47bd7dfc0d av_three_fifth  avia-builder-el-3  el_after_av_one_fifth  el_before_av_one_fifth  flex_column_div'     ><style type=\"text\/css\" data-created_by=\"avia_inline_auto\" id=\"style-css-av-maxpijci-7bdf253e8fedbee6fda6331497c832c9\">\n#top .av_textblock_section.av-maxpijci-7bdf253e8fedbee6fda6331497c832c9 .avia_textblock{\nfont-size:18px;\ncolor:#ffffff;\n}\n\n@media only screen and (min-width: 480px) and (max-width: 767px){ \n#top .av_textblock_section.av-maxpijci-7bdf253e8fedbee6fda6331497c832c9 .avia_textblock{\nfont-size:17px;\n}\n}\n\n@media only screen and (max-width: 479px){ \n#top .av_textblock_section.av-maxpijci-7bdf253e8fedbee6fda6331497c832c9 .avia_textblock{\nfont-size:17px;\n}\n}\n<\/style>\n<section  class='av_textblock_section av-maxpijci-7bdf253e8fedbee6fda6331497c832c9'   itemscope=\"itemscope\" itemtype=\"https:\/\/schema.org\/CreativeWork\" ><div class='avia_textblock justified u-gsap-fade-up u-text-light--weight av_inherit_color'  itemprop=\"text\" ><p>Cerrar operaciones es la motivaci\u00f3n que nos impulsa. Con un profundo conocimiento local a trav\u00e9s de, todas nuestras oficinas internacionales, gestionamos transacciones complejas para generar valor y acelerar el crecimiento. Solo en los \u00faltimos tres a\u00f1os, hemos cerrado m\u00e1s de 400 operaciones para nuestros clientes en m\u00faltiples sectores y paises.<\/p>\n<\/div><\/section><\/div><div  class='flex_column av-2iszmz-fe33cf1e17cc7ccf7f6383a043ba85fa av_one_fifth  avia-builder-el-5  el_after_av_three_fifth  avia-builder-el-last  flex_column_div'     ><\/div><\/div><\/div><\/main><!-- close content main element --><\/div><\/div><\/div><div id='after_section_1'  class='main_color av_default_container_wrap container_wrap sidebar_right'  ><div class='container av-section-cont-open' ><div class='template-page content  av-content-small alpha units'><div class='post-entry post-entry-type-page post-entry-7995'><div class='entry-content-wrapper clearfix'>","protected":false},"excerpt":{"rendered":"","protected":false},"author":1,"featured_media":0,"parent":0,"menu_order":0,"comment_status":"closed","ping_status":"closed","template":"template-global-transactions.php","meta":{"footnotes":""},"class_list":["post-7995","page","type-page","status-publish","hentry"],"_links":{"self":[{"href":"https:\/\/translinkcf.es\/en\/wp-json\/wp\/v2\/pages\/7995","targetHints":{"allow":["GET"]}}],"collection":[{"href":"https:\/\/translinkcf.es\/en\/wp-json\/wp\/v2\/pages"}],"about":[{"href":"https:\/\/translinkcf.es\/en\/wp-json\/wp\/v2\/types\/page"}],"author":[{"embeddable":true,"href":"https:\/\/translinkcf.es\/en\/wp-json\/wp\/v2\/users\/1"}],"replies":[{"embeddable":true,"href":"https:\/\/translinkcf.es\/en\/wp-json\/wp\/v2\/comments?post=7995"}],"version-history":[{"count":7,"href":"https:\/\/translinkcf.es\/en\/wp-json\/wp\/v2\/pages\/7995\/revisions"}],"predecessor-version":[{"id":27689,"href":"https:\/\/translinkcf.es\/en\/wp-json\/wp\/v2\/pages\/7995\/revisions\/27689"}],"wp:attachment":[{"href":"https:\/\/translinkcf.es\/en\/wp-json\/wp\/v2\/media?parent=7995"}],"curies":[{"name":"wp","href":"https:\/\/api.w.org\/{rel}","templated":true}]}}