{"id":25756,"date":"2022-01-09T11:44:43","date_gmt":"2022-01-09T11:44:43","guid":{"rendered":"https:\/\/translink.swaydeandco.com\/?page_id=887"},"modified":"2025-07-08T12:07:36","modified_gmt":"2025-07-08T12:07:36","slug":"equipos-y-oficinas","status":"publish","type":"page","link":"https:\/\/translinkcf.es\/en\/sobre-nosotros\/equipos-y-oficinas\/","title":{"rendered":"Equipos y oficinas"},"content":{"rendered":"<style type=\"text\/css\" data-created_by=\"avia_inline_auto\" id=\"style-css-av-m7a915xg-1188f40e25b2e32fa9505f4cef76ddc0\">\n.avia-section.av-m7a915xg-1188f40e25b2e32fa9505f4cef76ddc0{\nbackground-repeat:no-repeat;\nbackground-image:url(https:\/\/translinkcf.es\/wp-content\/uploads\/2025\/06\/team-hero.webp);\nbackground-position:50% 0%;\nbackground-attachment:scroll;\n}\n.avia-section.av-m7a915xg-1188f40e25b2e32fa9505f4cef76ddc0 .av-section-color-overlay{\nopacity:0.5;\nbackground-color:#000000;\n}\n<\/style>\n<div id='executive-board-wrap'  class='avia-section av-m7a915xg-1188f40e25b2e32fa9505f4cef76ddc0 main_color avia-section-default avia-no-border-styling  avia-builder-el-0  el_before_av_section  avia-builder-el-first  global_hero_section avia-full-stretch avia-bg-style-scroll av-section-color-overlay-active av-minimum-height av-minimum-height-40vw av-height-percent_width  container_wrap sidebar_right'  data-section-bg-repeat='stretch' data-av_minimum_height_pc='40' data-av_min_height_opt='percent_width'><div class=\"av-section-color-overlay-wrap\"><div class=\"av-section-color-overlay\"><\/div><div class='container av-section-cont-open' ><main  role=\"main\" itemprop=\"mainContentOfPage\"  class='template-page content  av-content-small alpha units'><div class='post-entry post-entry-type-page post-entry-25756'><div class='entry-content-wrapper clearfix'>\n\n<style type=\"text\/css\" data-created_by=\"avia_inline_auto\" id=\"style-css-av-bvpaf-16b1679a139cc040c4564a9154886e53\">\n#top .av-special-heading.av-bvpaf-16b1679a139cc040c4564a9154886e53{\nmargin:20px 0 20px 0;\npadding-bottom:10px;\ncolor:#ffffff;\nfont-size:45px;\n}\nbody .av-special-heading.av-bvpaf-16b1679a139cc040c4564a9154886e53 .av-special-heading-tag .heading-char{\nfont-size:25px;\n}\n#top #wrap_all .av-special-heading.av-bvpaf-16b1679a139cc040c4564a9154886e53 .av-special-heading-tag{\nfont-size:45px;\npadding:0 0 0 0;\n}\n.av-special-heading.av-bvpaf-16b1679a139cc040c4564a9154886e53 .special-heading-inner-border{\nborder-color:#ffffff;\n}\n.av-special-heading.av-bvpaf-16b1679a139cc040c4564a9154886e53 .av-subheading{\nfont-size:15px;\n}\n\n@media only screen and (min-width: 480px) and (max-width: 767px){ \n#top #wrap_all .av-special-heading.av-bvpaf-16b1679a139cc040c4564a9154886e53 .av-special-heading-tag{\nfont-size:0.8em;\n}\n}\n\n@media only screen and (max-width: 479px){ \n#top #wrap_all .av-special-heading.av-bvpaf-16b1679a139cc040c4564a9154886e53 .av-special-heading-tag{\nfont-size:0.8em;\n}\n}\n<\/style>\n<div  class='av-special-heading av-bvpaf-16b1679a139cc040c4564a9154886e53 av-special-heading-h1 custom-color-heading blockquote modern-quote modern-centered  avia-builder-el-1  el_before_av_one_fifth  avia-builder-el-first  boxed-text-span u-gsap-fade-up av-inherit-size'><h1 class='av-special-heading-tag'  itemprop=\"headline\"  >Our Team<\/h1><div class=\"special-heading-border\"><div class=\"special-heading-inner-border\"><\/div><\/div><\/div>\n<div  class='flex_column av-jvnsv-c6f92743beeb78e924601b2a175e27d5 av_one_fifth  avia-builder-el-2  el_after_av_heading  el_before_av_three_fifth  first flex_column_div'     ><\/div><div  class='flex_column av-1iivj-5099364ce47148b94f1b60877b9764ce av_three_fifth  avia-builder-el-3  el_after_av_one_fifth  el_before_av_one_fifth  flex_column_div'     ><style type=\"text\/css\" data-created_by=\"avia_inline_auto\" id=\"style-css-av-l06igub3-45ec3375cd08b8b7dad10fbff2517057\">\n#top .av_textblock_section.av-l06igub3-45ec3375cd08b8b7dad10fbff2517057 .avia_textblock{\nfont-size:18px;\ncolor:#ffffff;\n}\n\n@media only screen and (min-width: 480px) and (max-width: 767px){ \n#top .av_textblock_section.av-l06igub3-45ec3375cd08b8b7dad10fbff2517057 .avia_textblock{\nfont-size:17px;\n}\n}\n\n@media only screen and (max-width: 479px){ \n#top .av_textblock_section.av-l06igub3-45ec3375cd08b8b7dad10fbff2517057 .avia_textblock{\nfont-size:17px;\n}\n}\n<\/style>\n<section  class='av_textblock_section av-l06igub3-45ec3375cd08b8b7dad10fbff2517057'   itemscope=\"itemscope\" itemtype=\"https:\/\/schema.org\/CreativeWork\" ><div class='avia_textblock justified u-text-light--weight av_inherit_color'  itemprop=\"text\" ><p>Formamos un grupo totalmente integrado, con m\u00e1s de 400 profesionales es en m\u00e1s de 35 pa\u00edses. Gracias a nuestra estructura internacional y a una coordinaci\u00f3n fluida, somos capaces de ejecutar operaciones de M&amp;A transfronterizas con la m\u00e1xima eficiencia. Est\u00e9s donde est\u00e9s, somos tu socio de confianza.<\/p>\n<\/div><\/section><\/div><div  class='flex_column av-7zjrj-544fb330d63f57e3bb6364b2e128d393 av_one_fifth  avia-builder-el-5  el_after_av_three_fifth  avia-builder-el-last  flex_column_div'     ><\/div><\/div><\/div><\/main><!-- close content main element --><\/div><\/div><\/div>\n<style type=\"text\/css\" data-created_by=\"avia_inline_auto\" id=\"style-css-av-ky778p2l-8c62db7640c33e176e81e2b9732412a9\">\n.avia-section.av-ky778p2l-8c62db7640c33e176e81e2b9732412a9{\nbackground-color:#e8e8e8;\nbackground-image:unset;\n}\n<\/style>\n<div id='executive-board'  class='avia-section av-ky778p2l-8c62db7640c33e176e81e2b9732412a9 main_color avia-section-default avia-no-border-styling  avia-builder-el-6  el_after_av_section  avia-builder-el-last  avia-bg-style-scroll container_wrap sidebar_right'  ><div class='container av-section-cont-open' ><div class='template-page content  av-content-small alpha units'><div class='post-entry post-entry-type-page post-entry-25756'><div class='entry-content-wrapper clearfix'>\n\n<style type=\"text\/css\" data-created_by=\"avia_inline_auto\" id=\"style-css-av-ky7bdtvx-67c28606006e06806c977144128cf920\">\n#top .hr.hr-invisible.av-ky7bdtvx-67c28606006e06806c977144128cf920{\nheight:50px;\n}\n<\/style>\n<div  class='hr av-ky7bdtvx-67c28606006e06806c977144128cf920 hr-invisible  avia-builder-el-7  el_before_av_codeblock  avia-builder-el-first'><span class='hr-inner'><span class=\"hr-inner-style\"><\/span><\/span><\/div>\n\n\n<style type=\"text\/css\" data-created_by=\"avia_inline_auto\" id=\"style-css-av-ky8vc97l-449deb1974a3b3039fa82a8a39a5a195\">\n#top .hr.hr-invisible.av-ky8vc97l-449deb1974a3b3039fa82a8a39a5a195{\nheight:40px;\n}\n<\/style>\n<div  class='hr av-ky8vc97l-449deb1974a3b3039fa82a8a39a5a195 hr-invisible  avia-builder-el-9  el_after_av_codeblock  avia-builder-el-last'><span class='hr-inner'><span class=\"hr-inner-style\"><\/span><\/span><\/div>\n<\/div><\/div><\/div><!-- close content main div --><\/div><\/div><div id='after_section_2'  class='main_color av_default_container_wrap container_wrap sidebar_right'  ><div class='container av-section-cont-open' ><div class='template-page content  av-content-small alpha units'><div class='post-entry post-entry-type-page post-entry-25756'><div class='entry-content-wrapper clearfix'><\/p>","protected":false},"excerpt":{"rendered":"","protected":false},"author":1,"featured_media":0,"parent":25837,"menu_order":0,"comment_status":"closed","ping_status":"closed","template":"","meta":{"footnotes":""},"class_list":["post-25756","page","type-page","status-publish","hentry"],"_links":{"self":[{"href":"https:\/\/translinkcf.es\/en\/wp-json\/wp\/v2\/pages\/25756","targetHints":{"allow":["GET"]}}],"collection":[{"href":"https:\/\/translinkcf.es\/en\/wp-json\/wp\/v2\/pages"}],"about":[{"href":"https:\/\/translinkcf.es\/en\/wp-json\/wp\/v2\/types\/page"}],"author":[{"embeddable":true,"href":"https:\/\/translinkcf.es\/en\/wp-json\/wp\/v2\/users\/1"}],"replies":[{"embeddable":true,"href":"https:\/\/translinkcf.es\/en\/wp-json\/wp\/v2\/comments?post=25756"}],"version-history":[{"count":5,"href":"https:\/\/translinkcf.es\/en\/wp-json\/wp\/v2\/pages\/25756\/revisions"}],"predecessor-version":[{"id":26866,"href":"https:\/\/translinkcf.es\/en\/wp-json\/wp\/v2\/pages\/25756\/revisions\/26866"}],"up":[{"embeddable":true,"href":"https:\/\/translinkcf.es\/en\/wp-json\/wp\/v2\/pages\/25837"}],"wp:attachment":[{"href":"https:\/\/translinkcf.es\/en\/wp-json\/wp\/v2\/media?parent=25756"}],"curies":[{"name":"wp","href":"https:\/\/api.w.org\/{rel}","templated":true}]}}