{"id":11796,"date":"2022-01-17T19:51:21","date_gmt":"2022-01-17T19:51:21","guid":{"rendered":"https:\/\/translink.swaydeandco.com\/?page_id=1058"},"modified":"2025-07-08T11:35:29","modified_gmt":"2025-07-08T11:35:29","slug":"contacta","status":"publish","type":"page","link":"https:\/\/translinkcf.es\/en\/contacta\/","title":{"rendered":"Contact"},"content":{"rendered":"<style type=\"text\/css\" data-created_by=\"avia_inline_auto\" id=\"style-css-av-m6tcskbq-923e245853f3498b297d5a8bdcb7f0fa\">\n.avia-section.av-m6tcskbq-923e245853f3498b297d5a8bdcb7f0fa{\nbackground-repeat:no-repeat;\nbackground-image:url(https:\/\/translinkcf.es\/wp-content\/uploads\/2025\/07\/spain-contact-hero_080725.webp);\nbackground-position:50% 50%;\nbackground-attachment:scroll;\n}\n.avia-section.av-m6tcskbq-923e245853f3498b297d5a8bdcb7f0fa .av-section-color-overlay{\nopacity:0.4;\nbackground-color:#000000;\n}\n<\/style>\n<div id='av_section_1'  class='avia-section av-m6tcskbq-923e245853f3498b297d5a8bdcb7f0fa main_color avia-section-default avia-no-border-styling  avia-builder-el-0  el_before_av_section  avia-builder-el-first  global_hero_section avia-full-stretch avia-bg-style-scroll av-section-color-overlay-active av-minimum-height av-minimum-height-40vw av-height-percent_width  container_wrap sidebar_right'  data-section-bg-repeat='stretch' data-av_minimum_height_pc='40' data-av_min_height_opt='percent_width'><div class=\"av-section-color-overlay-wrap\"><div class=\"av-section-color-overlay\"><\/div><div class='container av-section-cont-open' ><main  role=\"main\" itemprop=\"mainContentOfPage\"  class='template-page content  av-content-small alpha units'><div class='post-entry post-entry-type-page post-entry-11796'><div class='entry-content-wrapper clearfix'>\n\n<style type=\"text\/css\" data-created_by=\"avia_inline_auto\" id=\"style-css-av-m6tcor00-15c1f5e9780b24c30ea841a0451acee7\">\n#top .av-special-heading.av-m6tcor00-15c1f5e9780b24c30ea841a0451acee7{\nmargin:20px 0 20px 0;\npadding-bottom:10px;\ncolor:#ffffff;\nfont-size:45px;\n}\nbody .av-special-heading.av-m6tcor00-15c1f5e9780b24c30ea841a0451acee7 .av-special-heading-tag .heading-char{\nfont-size:25px;\n}\n#top #wrap_all .av-special-heading.av-m6tcor00-15c1f5e9780b24c30ea841a0451acee7 .av-special-heading-tag{\nfont-size:45px;\npadding:0 0 0 0;\n}\n.av-special-heading.av-m6tcor00-15c1f5e9780b24c30ea841a0451acee7 .special-heading-inner-border{\nborder-color:#ffffff;\n}\n.av-special-heading.av-m6tcor00-15c1f5e9780b24c30ea841a0451acee7 .av-subheading{\nfont-size:15px;\n}\n\n@media only screen and (min-width: 480px) and (max-width: 767px){ \n#top #wrap_all .av-special-heading.av-m6tcor00-15c1f5e9780b24c30ea841a0451acee7 .av-special-heading-tag{\nfont-size:0.8em;\n}\n}\n\n@media only screen and (max-width: 479px){ \n#top #wrap_all .av-special-heading.av-m6tcor00-15c1f5e9780b24c30ea841a0451acee7 .av-special-heading-tag{\nfont-size:0.8em;\n}\n}\n<\/style>\n<div  class='av-special-heading av-m6tcor00-15c1f5e9780b24c30ea841a0451acee7 av-special-heading-h1 custom-color-heading blockquote modern-quote modern-centered  avia-builder-el-1  el_before_av_one_fifth  avia-builder-el-first  boxed-text-span u-gsap-fade-up av-inherit-size'><h1 class='av-special-heading-tag'  itemprop=\"headline\"  >Contact Us<\/h1><div class=\"special-heading-border\"><div class=\"special-heading-inner-border\"><\/div><\/div><\/div>\n<div  class='flex_column av-2b6n6-a375e5b31acfece5c0923746c4d008f9 av_one_fifth  avia-builder-el-2  el_after_av_heading  el_before_av_three_fifth  first flex_column_div'     ><\/div><div  class='flex_column av-4ns6sy-3bd9f064de169ce738ac2fe6ff38da6e av_three_fifth  avia-builder-el-3  el_after_av_one_fifth  el_before_av_one_fifth  flex_column_div'     ><style type=\"text\/css\" data-created_by=\"avia_inline_auto\" id=\"style-css-av-m85zcffj-0710630fe05d74f7ec9a86f9deccdbfe\">\n#top .av_textblock_section.av-m85zcffj-0710630fe05d74f7ec9a86f9deccdbfe .avia_textblock{\nfont-size:18px;\ncolor:#ffffff;\n}\n\n@media only screen and (min-width: 480px) and (max-width: 767px){ \n#top .av_textblock_section.av-m85zcffj-0710630fe05d74f7ec9a86f9deccdbfe .avia_textblock{\nfont-size:17px;\n}\n}\n\n@media only screen and (max-width: 479px){ \n#top .av_textblock_section.av-m85zcffj-0710630fe05d74f7ec9a86f9deccdbfe .avia_textblock{\nfont-size:17px;\n}\n}\n<\/style>\n<section  class='av_textblock_section av-m85zcffj-0710630fe05d74f7ec9a86f9deccdbfe'   itemscope=\"itemscope\" itemtype=\"https:\/\/schema.org\/CreativeWork\" ><div class='avia_textblock justified u-gsap-fade-up u-text-light--weight av_inherit_color'  itemprop=\"text\" ><p>Ponte en contacto con nuestro equipo global para obtener asesoramiento experto en fusiones y adquisiciones (M&amp;A). Ya sea que est\u00e9s explorando una transacci\u00f3n o buscando ideas estrat\u00e9gicas, nuestros profesionales est\u00e1n listos para ayudarte.<\/p>\n<\/div><\/section><\/div><div  class='flex_column av-30jzjm-2b30697c4f5f6b98f85355a65c34fa7a av_one_fifth  avia-builder-el-5  el_after_av_three_fifth  avia-builder-el-last  flex_column_div'     ><\/div><\/div><\/div><\/main><!-- close content main element --><\/div><\/div><\/div>\n<style type=\"text\/css\" data-created_by=\"avia_inline_auto\" id=\"style-css-av-kyj4c2yf-3c25d8d5893ca9d3c5b242faf5d20368\">\n.avia-section.av-kyj4c2yf-3c25d8d5893ca9d3c5b242faf5d20368{\nbackground-color:#ffffff;\nbackground-image:unset;\nmargin-top:20px;\nmargin-bottom:20px;\n}\n<\/style>\n<div id='av_section_2'  class='avia-section av-kyj4c2yf-3c25d8d5893ca9d3c5b242faf5d20368 main_color avia-section-small avia-no-border-styling  avia-builder-el-6  el_after_av_section  avia-builder-el-last  avia-bg-style-scroll container_wrap sidebar_right'  ><div class='container av-section-cont-open' ><div class='template-page content  av-content-small alpha units'><div class='post-entry post-entry-type-page post-entry-11796'><div class='entry-content-wrapper clearfix'>\n\n<style type=\"text\/css\" data-created_by=\"avia_inline_auto\" id=\"style-css-av-kyj69xts-4acda3c1ab15dba0edb832f2658ee018\">\n#top .hr.hr-invisible.av-kyj69xts-4acda3c1ab15dba0edb832f2658ee018{\nheight:35px;\n}\n<\/style>\n<div  class='hr av-kyj69xts-4acda3c1ab15dba0edb832f2658ee018 hr-invisible  avia-builder-el-7  el_before_av_one_half  avia-builder-el-first'><span class='hr-inner'><span class=\"hr-inner-style\"><\/span><\/span><\/div>\n<div  class='flex_column av-17t3ia-37e6532df65927e73e115251714cbac0 av_one_half  avia-builder-el-8  el_after_av_hr  el_before_av_one_half  first flex_column_div'     ><style type=\"text\/css\" data-created_by=\"avia_inline_auto\" id=\"style-css-av-mcugd3oj-eee8ee3c9a6116b5d1273be4bb4ed7d6\">\n#top .avia-icon-list-container.av-mcugd3oj-eee8ee3c9a6116b5d1273be4bb4ed7d6 .iconlist_icon{\ncolor:#ffffff;\nbackground-color:#e9b26e;\n}\n#top .avia-icon-list-container.av-mcugd3oj-eee8ee3c9a6116b5d1273be4bb4ed7d6 .iconlist_icon svg:first-child{\nstroke:#ffffff;\nfill:#ffffff;\n}\n#top #wrap_all .avia-icon-list-container.av-mcugd3oj-eee8ee3c9a6116b5d1273be4bb4ed7d6 .av_iconlist_title{\ncolor:#17254e;\n}\n.avia-icon-list-container.av-mcugd3oj-eee8ee3c9a6116b5d1273be4bb4ed7d6 .iconlist_content{\ncolor:#17254e;\n}\n<\/style>\n<div  id=\"contact-form-icons\"  class='avia-icon-list-container av-mcugd3oj-eee8ee3c9a6116b5d1273be4bb4ed7d6  avia-builder-el-9  avia-builder-el-no-sibling'><ul class='avia-icon-list avia_animate_when_almost_visible avia-icon-list-left av-iconlist-big av-mcugd3oj-eee8ee3c9a6116b5d1273be4bb4ed7d6 avia-iconlist-animate'>\n<li><div class='iconlist_icon av-av_iconlist_item-b6a14d71ffe6b3d2c8af5c6d49230b61 avia-font-entypo-fontello avia-iconfont avia-font-entypo-fontello'><span class='av-icon-char' data-av_icon='\ue842' data-av_iconfont='entypo-fontello' aria-hidden=\"true\"><\/span><\/div><article class=\"article-icon-entry\"  itemscope=\"itemscope\" itemtype=\"https:\/\/schema.org\/CreativeWork\" ><div class=\"iconlist_content_wrap\"><header class=\"entry-content-header\" aria-label=\"Icon: Translink Corporate Finance Spain\"><h4 class='av_iconlist_title iconlist_title  av_inherit_color'  itemprop=\"headline\" >Translink Corporate Finance Spain<\/h4><\/header><div class='iconlist_content av_inherit_color'  itemprop=\"text\" ><p>C\/Muntaner 240, 4\u00ba-1\u00aa (\/Avda.Diagonal)<br \/>\n08021<br \/>\nBarcelona<\/p>\n<\/div><\/div><footer class=\"entry-footer\"><\/footer><\/article><div class=\"iconlist-timeline\"><\/div><\/li>\n<li><div class='iconlist_icon av-mcugc0qd-a8178df0e82d13ee5a3f7d4823308cc0 avia-font-entypo-fontello avia-iconfont avia-font-entypo-fontello'><span class='av-icon-char' data-av_icon='\ue854' data-av_iconfont='entypo-fontello' aria-hidden=\"true\"><\/span><\/div><article class=\"article-icon-entry\"  itemscope=\"itemscope\" itemtype=\"https:\/\/schema.org\/CreativeWork\" ><div class=\"iconlist_content_wrap\"><header class=\"entry-content-header\" aria-label=\"Icon: N\u00famero de contacto\"><h4 class='av_iconlist_title iconlist_title  av_inherit_color'  itemprop=\"headline\" >Contact number<\/h4><\/header><div class='iconlist_content av_inherit_color'  itemprop=\"text\" ><p><a href=\"tel:+34934194900\">(+34) 93 419 49 00<\/a><\/p>\n<\/div><\/div><footer class=\"entry-footer\"><\/footer><\/article><div class=\"iconlist-timeline\"><\/div><\/li>\n<li><div class='iconlist_icon av-mcugd0dy-874f78da39d677392ccfc7ae33fe1ad5 avia-font-entypo-fontello avia-iconfont avia-font-entypo-fontello'><span class='av-icon-char' data-av_icon='\ue805' data-av_iconfont='entypo-fontello' aria-hidden=\"true\"><\/span><\/div><article class=\"article-icon-entry\"  itemscope=\"itemscope\" itemtype=\"https:\/\/schema.org\/CreativeWork\" ><div class=\"iconlist_content_wrap\"><header class=\"entry-content-header\" aria-label=\"Icon: Correo electr\u00f3nico\"><h4 class='av_iconlist_title iconlist_title  av_inherit_color'  itemprop=\"headline\" >Email<\/h4><\/header><div class='iconlist_content av_inherit_color'  itemprop=\"text\" ><p><a href=\"mailto:translinkcfspain@translinkcf.com\"><span class=\"medium-weight\">translinkcfspain@translinkcf.com<\/span><\/a><\/p>\n<\/div><\/div><footer class=\"entry-footer\"><\/footer><\/article><div class=\"iconlist-timeline\"><\/div><\/li>\n<\/ul><\/div><\/div><div  class='flex_column av-6e2rtu-63d00d8127add1a257d8a85f527cb26f av_one_half  avia-builder-el-10  el_after_av_one_half  avia-builder-el-last  flex_column_div'     ><p>\n<style type=\"text\/css\" data-created_by=\"avia_inline_auto\" id=\"style-css-av-kyj3w97y-33a6ee2557a7f601eb36c36c205b43a7\">\n#top .av-special-heading.av-kyj3w97y-33a6ee2557a7f601eb36c36c205b43a7{\npadding-bottom:10px;\ncolor:#17254e;\nfont-size:30px;\n}\nbody .av-special-heading.av-kyj3w97y-33a6ee2557a7f601eb36c36c205b43a7 .av-special-heading-tag .heading-char{\nfont-size:25px;\n}\n#top #wrap_all .av-special-heading.av-kyj3w97y-33a6ee2557a7f601eb36c36c205b43a7 .av-special-heading-tag{\nfont-size:30px;\n}\n.av-special-heading.av-kyj3w97y-33a6ee2557a7f601eb36c36c205b43a7 .special-heading-inner-border{\nborder-color:#17254e;\n}\n.av-special-heading.av-kyj3w97y-33a6ee2557a7f601eb36c36c205b43a7 .av-subheading{\nfont-size:15px;\n}\n\n@media only screen and (min-width: 480px) and (max-width: 767px){ \n#top #wrap_all .av-special-heading.av-kyj3w97y-33a6ee2557a7f601eb36c36c205b43a7 .av-special-heading-tag{\nfont-size:0.8em;\n}\n}\n\n@media only screen and (max-width: 479px){ \n#top #wrap_all .av-special-heading.av-kyj3w97y-33a6ee2557a7f601eb36c36c205b43a7 .av-special-heading-tag{\nfont-size:0.8em;\n}\n}\n<\/style>\n<div  class='av-special-heading av-kyj3w97y-33a6ee2557a7f601eb36c36c205b43a7 av-special-heading-h2 custom-color-heading blockquote modern-quote  avia-builder-el-11  el_before_av_codeblock  avia-builder-el-first  av-inherit-size'><h2 class='av-special-heading-tag'  itemprop=\"headline\"  >Get in touch<\/h2><div class=\"special-heading-border\"><div class=\"special-heading-inner-border\"><\/div><\/div><\/div><br \/>\n<br \/>\n<\/p><\/div><\/div><\/div><\/div><!-- close content main div --><\/div><\/div><div id='after_section_2'  class='main_color av_default_container_wrap container_wrap sidebar_right'  ><div class='container av-section-cont-open' ><div class='template-page content  av-content-small alpha units'><div class='post-entry post-entry-type-page post-entry-11796'><div class='entry-content-wrapper clearfix'><\/p>","protected":false},"excerpt":{"rendered":"","protected":false},"author":1,"featured_media":0,"parent":0,"menu_order":0,"comment_status":"closed","ping_status":"closed","template":"","meta":{"footnotes":""},"class_list":["post-11796","page","type-page","status-publish","hentry"],"_links":{"self":[{"href":"https:\/\/translinkcf.es\/en\/wp-json\/wp\/v2\/pages\/11796","targetHints":{"allow":["GET"]}}],"collection":[{"href":"https:\/\/translinkcf.es\/en\/wp-json\/wp\/v2\/pages"}],"about":[{"href":"https:\/\/translinkcf.es\/en\/wp-json\/wp\/v2\/types\/page"}],"author":[{"embeddable":true,"href":"https:\/\/translinkcf.es\/en\/wp-json\/wp\/v2\/users\/1"}],"replies":[{"embeddable":true,"href":"https:\/\/translinkcf.es\/en\/wp-json\/wp\/v2\/comments?post=11796"}],"version-history":[{"count":4,"href":"https:\/\/translinkcf.es\/en\/wp-json\/wp\/v2\/pages\/11796\/revisions"}],"predecessor-version":[{"id":26847,"href":"https:\/\/translinkcf.es\/en\/wp-json\/wp\/v2\/pages\/11796\/revisions\/26847"}],"wp:attachment":[{"href":"https:\/\/translinkcf.es\/en\/wp-json\/wp\/v2\/media?parent=11796"}],"curies":[{"name":"wp","href":"https:\/\/api.w.org\/{rel}","templated":true}]}}