{"id":11795,"date":"2022-01-17T19:00:39","date_gmt":"2022-01-17T19:00:39","guid":{"rendered":"https:\/\/translink.swaydeandco.com\/?page_id=1002"},"modified":"2025-07-09T08:56:49","modified_gmt":"2025-07-09T08:56:49","slug":"servicios","status":"publish","type":"page","link":"https:\/\/translinkcf.es\/en\/servicios\/","title":{"rendered":"Services"},"content":{"rendered":"<style type=\"text\/css\" data-created_by=\"avia_inline_auto\" id=\"style-css-av-m7n1dmo6-12f702e04cbd2fde20d77f4b0762bfe1\">\n.avia-section.av-m7n1dmo6-12f702e04cbd2fde20d77f4b0762bfe1{\nbackground-repeat:no-repeat;\nbackground-image:url(https:\/\/translinkcf.es\/wp-content\/uploads\/2025\/06\/Services-Hero-1920x1080-1.webp);\nbackground-position:50% 50%;\nbackground-attachment:scroll;\n}\n.avia-section.av-m7n1dmo6-12f702e04cbd2fde20d77f4b0762bfe1 .av-section-color-overlay{\nopacity:0.3;\nbackground-color:#000000;\n}\n<\/style>\n<div id='av_section_1'  class='avia-section av-m7n1dmo6-12f702e04cbd2fde20d77f4b0762bfe1 main_color avia-section-default avia-no-border-styling  avia-builder-el-0  el_before_av_section  avia-builder-el-first  global_hero_section avia-bg-style-scroll av-section-color-overlay-active av-minimum-height av-minimum-height-40vw av-height-percent_width  container_wrap sidebar_right'  data-section-bg-repeat='no-repeat' data-av_minimum_height_pc='40' data-av_min_height_opt='percent_width'><div class=\"av-section-color-overlay-wrap\"><div class=\"av-section-color-overlay\"><\/div><div class='container av-section-cont-open' ><main  role=\"main\" itemprop=\"mainContentOfPage\"  class='template-page content  av-content-small alpha units'><div class='post-entry post-entry-type-page post-entry-11795'><div class='entry-content-wrapper clearfix'>\n\n<style type=\"text\/css\" data-created_by=\"avia_inline_auto\" id=\"style-css-av-m7n1copf-a6e34b3cff3f7503f5f93d83c1267172\">\n#top .av-special-heading.av-m7n1copf-a6e34b3cff3f7503f5f93d83c1267172{\nmargin:20px 0 20px 0;\npadding-bottom:10px;\ncolor:#ffffff;\nfont-size:45px;\n}\nbody .av-special-heading.av-m7n1copf-a6e34b3cff3f7503f5f93d83c1267172 .av-special-heading-tag .heading-char{\nfont-size:25px;\n}\n#top #wrap_all .av-special-heading.av-m7n1copf-a6e34b3cff3f7503f5f93d83c1267172 .av-special-heading-tag{\nfont-size:45px;\npadding:0 0 0 0;\n}\n.av-special-heading.av-m7n1copf-a6e34b3cff3f7503f5f93d83c1267172 .special-heading-inner-border{\nborder-color:#ffffff;\n}\n.av-special-heading.av-m7n1copf-a6e34b3cff3f7503f5f93d83c1267172 .av-subheading{\nfont-size:15px;\n}\n\n@media only screen and (min-width: 480px) and (max-width: 767px){ \n#top #wrap_all .av-special-heading.av-m7n1copf-a6e34b3cff3f7503f5f93d83c1267172 .av-special-heading-tag{\nfont-size:0.8em;\n}\n}\n\n@media only screen and (max-width: 479px){ \n#top #wrap_all .av-special-heading.av-m7n1copf-a6e34b3cff3f7503f5f93d83c1267172 .av-special-heading-tag{\nfont-size:0.8em;\n}\n}\n<\/style>\n<div  class='av-special-heading av-m7n1copf-a6e34b3cff3f7503f5f93d83c1267172 av-special-heading-h1 custom-color-heading blockquote modern-quote modern-centered  avia-builder-el-1  el_before_av_one_fifth  avia-builder-el-first  boxed-text-span u-gsap-fade-up av-inherit-size'><h1 class='av-special-heading-tag'  itemprop=\"headline\"  >Services<\/h1><div class=\"special-heading-border\"><div class=\"special-heading-inner-border\"><\/div><\/div><\/div>\n<div  class='flex_column av-6ez4wq-e43f40cc7d6ab9aa25532fb7ad72fe91 av_one_fifth  avia-builder-el-2  el_after_av_heading  el_before_av_three_fifth  first flex_column_div'     ><\/div><div  class='flex_column av-4v8qyy-330f1fba0454b99708b565789bd790d7 av_three_fifth  avia-builder-el-3  el_after_av_one_fifth  el_before_av_one_fifth  flex_column_div'     ><style type=\"text\/css\" data-created_by=\"avia_inline_auto\" id=\"style-css-av-l06ipeaj-8159c11197193fe4f306eb3baa0b76a9\">\n#top .av_textblock_section.av-l06ipeaj-8159c11197193fe4f306eb3baa0b76a9 .avia_textblock{\nfont-size:18px;\ncolor:#ffffff;\n}\n\n@media only screen and (min-width: 480px) and (max-width: 767px){ \n#top .av_textblock_section.av-l06ipeaj-8159c11197193fe4f306eb3baa0b76a9 .avia_textblock{\nfont-size:17px;\n}\n}\n\n@media only screen and (max-width: 479px){ \n#top .av_textblock_section.av-l06ipeaj-8159c11197193fe4f306eb3baa0b76a9 .avia_textblock{\nfont-size:17px;\n}\n}\n<\/style>\n<section  class='av_textblock_section av-l06ipeaj-8159c11197193fe4f306eb3baa0b76a9'   itemscope=\"itemscope\" itemtype=\"https:\/\/schema.org\/CreativeWork\" ><div class='avia_textblock justified u-text-light--weight av_inherit_color'  itemprop=\"text\" ><p>Nos especializamos en Fusiones y Adquisiciones (M&amp;A), guiando a nuestros clientes en cada etapa de la transacci\u00f3n. Con asesoramiento estrat\u00e9gico, experiencia en ejecuci\u00f3n y presencia global, ayudamos a las empresas a maximizar su valor y aprovechar nuevas oportunidades.<\/p>\n<\/div><\/section><\/div><div  class='flex_column av-cdpby2-525004c33930e7c279479fe3648b1ff0 av_one_fifth  avia-builder-el-5  el_after_av_three_fifth  avia-builder-el-last  flex_column_div'     ><\/div>\n\n<\/div><\/div><\/main><!-- close content main element --><\/div><\/div><\/div><div id='av_section_2'  class='avia-section av-az74p6-af5f5cf6baa654f0fcce7991240a4245 main_color avia-section-default avia-no-border-styling  avia-builder-el-6  el_after_av_section  el_before_av_section  avia-bg-style-scroll container_wrap sidebar_right'  ><div class='container av-section-cont-open' ><div class='template-page content  av-content-small alpha units'><div class='post-entry post-entry-type-page post-entry-11795'><div class='entry-content-wrapper clearfix'>\n\n<\/div><\/div><\/div><!-- close content main div --><\/div><\/div>\n<style type=\"text\/css\" data-created_by=\"avia_inline_auto\" id=\"style-css-av-96ldui-15103959d7bb6ca67e547eb7c5c7a4d3\">\n.avia-section.av-96ldui-15103959d7bb6ca67e547eb7c5c7a4d3{\nbackground-color:#e8e8e8;\nbackground-image:unset;\n}\n<\/style>\n<div id='av_section_3'  class='avia-section av-96ldui-15103959d7bb6ca67e547eb7c5c7a4d3 main_color avia-section-no-padding avia-no-border-styling  avia-builder-el-8  el_after_av_section  avia-builder-el-last  u-hflex-section il-tr u-flex__padding-block--small avia-bg-style-scroll container_wrap sidebar_right'  ><div class='container av-section-cont-open' ><div class='template-page content  av-content-small alpha units'><div class='post-entry post-entry-type-page post-entry-11795'><div class='entry-content-wrapper clearfix'>\n<div  class='flex_column av-7n053e-1fe7337959db78199970b07bc29edd4c av_one_half  avia-builder-el-9  el_before_av_one_half  avia-builder-el-first  u-hflex-image u-gsap-move-right first flex_column_div'     ><style type=\"text\/css\" data-created_by=\"avia_inline_auto\" id=\"style-css-av-5ixl4q-d9dae7ec8845f5c9f1215f3b8a94b901\">\n.avia-image-container.av-5ixl4q-d9dae7ec8845f5c9f1215f3b8a94b901 img.avia_image{\nbox-shadow:none;\n}\n.avia-image-container.av-5ixl4q-d9dae7ec8845f5c9f1215f3b8a94b901 .av-image-caption-overlay-center{\ncolor:#ffffff;\n}\n<\/style>\n<div  class='avia-image-container av-5ixl4q-d9dae7ec8845f5c9f1215f3b8a94b901 av-styling- avia-align-center  avia-builder-el-10  avia-builder-el-no-sibling'   itemprop=\"image\" itemscope=\"itemscope\" itemtype=\"https:\/\/schema.org\/ImageObject\" ><div class=\"avia-image-container-inner\"><div class=\"avia-image-overlay-wrap\"><img decoding=\"async\" fetchpriority=\"high\" class='wp-image-26873 avia-img-lazy-loading-not-26873 avia_image' src=\"https:\/\/translinkcf.es\/wp-content\/uploads\/2025\/07\/contacto-tile-090725.webp\" alt='contacto-tile-090725' title='contacto-tile-090725'  height=\"1080\" width=\"1080\"  itemprop=\"thumbnailUrl\" srcset=\"https:\/\/translinkcf.es\/wp-content\/uploads\/2025\/07\/contacto-tile-090725.webp 1080w, https:\/\/translinkcf.es\/wp-content\/uploads\/2025\/07\/contacto-tile-090725-300x300.webp 300w, https:\/\/translinkcf.es\/wp-content\/uploads\/2025\/07\/contacto-tile-090725-1030x1030.webp 1030w, https:\/\/translinkcf.es\/wp-content\/uploads\/2025\/07\/contacto-tile-090725-80x80.webp 80w, https:\/\/translinkcf.es\/wp-content\/uploads\/2025\/07\/contacto-tile-090725-768x768.webp 768w\" sizes=\"(max-width: 1080px) 100vw, 1080px\" \/><\/div><\/div><\/div><\/div><div  class='flex_column av-3k0uze-37c97d059d86a482ed4e4e7558dd21e0 av_one_half  avia-builder-el-11  el_after_av_one_half  avia-builder-el-last  u-hflex-text u-gsap-move-left flex_column_div'     ><p>\n<style type=\"text\/css\" data-created_by=\"avia_inline_auto\" id=\"style-css-av-26et56-f3d8b19831f89b09019a3d162a873b70\">\n#top .av-special-heading.av-26et56-f3d8b19831f89b09019a3d162a873b70{\npadding-bottom:15px;\ncolor:#26436c;\nfont-size:40px;\n}\nbody .av-special-heading.av-26et56-f3d8b19831f89b09019a3d162a873b70 .av-special-heading-tag .heading-char{\nfont-size:25px;\n}\n#top #wrap_all .av-special-heading.av-26et56-f3d8b19831f89b09019a3d162a873b70 .av-special-heading-tag{\nfont-size:40px;\n}\n.av-special-heading.av-26et56-f3d8b19831f89b09019a3d162a873b70 .special-heading-inner-border{\nborder-color:#26436c;\n}\n.av-special-heading.av-26et56-f3d8b19831f89b09019a3d162a873b70 .av-subheading{\nfont-size:15px;\n}\n\n@media only screen and (min-width: 480px) and (max-width: 767px){ \n#top #wrap_all .av-special-heading.av-26et56-f3d8b19831f89b09019a3d162a873b70 .av-special-heading-tag{\nfont-size:0.8em;\n}\n}\n\n@media only screen and (max-width: 479px){ \n#top #wrap_all .av-special-heading.av-26et56-f3d8b19831f89b09019a3d162a873b70 .av-special-heading-tag{\nfont-size:0.8em;\n}\n}\n<\/style>\n<div  class='av-special-heading av-26et56-f3d8b19831f89b09019a3d162a873b70 av-special-heading-h2 custom-color-heading blockquote modern-quote  avia-builder-el-12  el_before_av_button  avia-builder-el-first  av-inherit-size'><h2 class='av-special-heading-tag'  itemprop=\"headline\"  >Click below to get in touch with one of our experts<\/h2><div class=\"special-heading-border\"><div class=\"special-heading-inner-border\"><\/div><\/div><\/div><br \/>\n<div  class='avia-button-wrap av-m7n5djce-efef19c7623e5cf255d222f82564aac3-wrap avia-button-center  avia-builder-el-13  el_after_av_heading  avia-builder-el-last  outlined-button'>\n<style type=\"text\/css\" data-created_by=\"avia_inline_auto\" id=\"style-css-av-m7n5djce-efef19c7623e5cf255d222f82564aac3\">\n#top #wrap_all .avia-button.av-m7n5djce-efef19c7623e5cf255d222f82564aac3{\nfont-size:14px;\ntransition:all 0.4s ease-in-out;\nmargin:30px 0 0 0;\n}\n#top #wrap_all .avia-button.av-m7n5djce-efef19c7623e5cf255d222f82564aac3:hover{\nbackground-color:#17254e;\ncolor:white;\ntransition:all 0.4s ease-in-out;\n}\n#top #wrap_all .avia-button.av-m7n5djce-efef19c7623e5cf255d222f82564aac3:hover .avia-svg-icon svg:first-child{\nfill:white;\nstroke:white;\n}\n<\/style>\n<a href='\/en\/contacta\/'  class='avia-button av-m7n5djce-efef19c7623e5cf255d222f82564aac3 av-link-btn avia-icon_select-no avia-size-large avia-position-center avia-font-color-theme-color'   aria-label=\"Contact us\"><span class='avia_iconbox_title' >Contact us<\/span><\/a><\/div><\/p><\/div>\n<\/div><\/div><\/div><!-- close content main div --><\/div><\/div><div id='after_section_3'  class='main_color av_default_container_wrap container_wrap sidebar_right'  ><div class='container av-section-cont-open' ><div class='template-page content  av-content-small alpha units'><div class='post-entry post-entry-type-page post-entry-11795'><div class='entry-content-wrapper clearfix'><\/p>","protected":false},"excerpt":{"rendered":"","protected":false},"author":1,"featured_media":0,"parent":0,"menu_order":0,"comment_status":"closed","ping_status":"closed","template":"","meta":{"footnotes":""},"class_list":["post-11795","page","type-page","status-publish","hentry"],"_links":{"self":[{"href":"https:\/\/translinkcf.es\/en\/wp-json\/wp\/v2\/pages\/11795","targetHints":{"allow":["GET"]}}],"collection":[{"href":"https:\/\/translinkcf.es\/en\/wp-json\/wp\/v2\/pages"}],"about":[{"href":"https:\/\/translinkcf.es\/en\/wp-json\/wp\/v2\/types\/page"}],"author":[{"embeddable":true,"href":"https:\/\/translinkcf.es\/en\/wp-json\/wp\/v2\/users\/1"}],"replies":[{"embeddable":true,"href":"https:\/\/translinkcf.es\/en\/wp-json\/wp\/v2\/comments?post=11795"}],"version-history":[{"count":14,"href":"https:\/\/translinkcf.es\/en\/wp-json\/wp\/v2\/pages\/11795\/revisions"}],"predecessor-version":[{"id":26880,"href":"https:\/\/translinkcf.es\/en\/wp-json\/wp\/v2\/pages\/11795\/revisions\/26880"}],"wp:attachment":[{"href":"https:\/\/translinkcf.es\/en\/wp-json\/wp\/v2\/media?parent=11795"}],"curies":[{"name":"wp","href":"https:\/\/api.w.org\/{rel}","templated":true}]}}